{"id":7,"date":"2023-09-12T12:02:22","date_gmt":"2023-09-12T10:02:22","guid":{"rendered":"https:\/\/jemielnicadom.pl\/?page_id=7"},"modified":"2024-06-12T23:21:18","modified_gmt":"2024-06-12T21:21:18","slug":"strona-glowna","status":"publish","type":"page","link":"https:\/\/jemielnicadom.pl\/","title":{"rendered":"DOM NA SPRZEDA\u017b"},"content":{"rendered":"\n<p><\/p>\n\n\n\n<div class=\"wp-block-cover alignfull\" style=\"min-height:632px;aspect-ratio:unset;\"><span aria-hidden=\"true\" class=\"wp-block-cover__background has-nv-light-bg-background-color has-background-dim-100 has-background-dim\"><\/span><div class=\"wp-block-cover__inner-container is-layout-flow wp-block-cover-is-layout-flow\">\n<div class=\"wp-block-group\"><div class=\"wp-block-group__inner-container is-layout-flow wp-block-group-is-layout-flow\">\n<div class=\"wp-block-columns are-vertically-aligned-center is-layout-flex wp-container-core-columns-is-layout-9d6595d7 wp-block-columns-is-layout-flex\">\n<div class=\"wp-block-column is-vertically-aligned-center is-layout-flow wp-block-column-is-layout-flow\" style=\"flex-basis:50%\">\n<figure class=\"wp-block-image size-full\"><img loading=\"lazy\" decoding=\"async\" width=\"940\" height=\"788\" src=\"https:\/\/jemielnicadom.pl\/wp-content\/uploads\/2023\/09\/Yellow-White-New-Listing-Modern-Home-Real-Estate-Facebook-Post2.png\" alt=\"\" class=\"wp-image-162\" srcset=\"https:\/\/jemielnicadom.pl\/wp-content\/uploads\/2023\/09\/Yellow-White-New-Listing-Modern-Home-Real-Estate-Facebook-Post2.png 940w, https:\/\/jemielnicadom.pl\/wp-content\/uploads\/2023\/09\/Yellow-White-New-Listing-Modern-Home-Real-Estate-Facebook-Post2-300x251.png 300w, https:\/\/jemielnicadom.pl\/wp-content\/uploads\/2023\/09\/Yellow-White-New-Listing-Modern-Home-Real-Estate-Facebook-Post2-768x644.png 768w\" sizes=\"auto, (max-width: 940px) 100vw, 940px\" \/><\/figure>\n<\/div>\n\n\n\n<div class=\"wp-block-column is-vertically-aligned-center is-layout-flow wp-block-column-is-layout-flow\" style=\"flex-basis:50%\">\n<h2 class=\"wp-block-heading has-text-align-center has-neve-text-color-color has-text-color\">Wspania\u0142y dom na sprzeda\u017c <\/h2>\n\n\n\n<p class=\"has-text-align-center has-neve-text-color-color has-text-color\" style=\"font-size:17px\"><strong>Na sprzeda\u017c rodzinny, nowoczesny, w pe\u0142ni wyposa\u017cony du\u017cy dom w G\u0105siorowicach z gara\u017cem, do Jemielnicy 2km<\/strong>, <strong>w zacisznym miejscu wok\u00f3\u0142 las\u00f3w, p\u00f3l i \u0142\u0105k.<\/strong><\/p>\n\n\n\n<p class=\"has-text-align-center has-neve-text-color-color has-text-color\" style=\"font-size:17px\"><strong>Zach\u0119camy do odwiedzin<\/strong>. <\/p>\n\n\n\n<p class=\"has-text-align-center has-neve-text-color-color has-text-color\" style=\"font-size:17px\">Chcesz zobaczy\u0107 dom? Nie wahaj si\u0119, zadzwo\u0144, um\u00f3wimy si\u0119 na spotkanie.<\/p>\n\n\n\n<div class=\"wp-block-buttons is-content-justification-center is-layout-flex wp-container-core-buttons-is-layout-16018d1d wp-block-buttons-is-layout-flex\">\n<div class=\"wp-block-button is-style-primary\"><a class=\"wp-block-button__link has-nv-site-bg-color has-text-color has-background wp-element-button\" href=\"https:\/\/jemielnicadom.pl\/?page_id=8\" style=\"background-color:#99b9b9\">OPIS DOMU<\/a><\/div>\n<\/div>\n<\/div>\n<\/div>\n<\/div><\/div>\n<\/div><\/div>\n\n\n\n<p><\/p>\n\n\n\n<div class=\"wp-block-columns is-layout-flex wp-container-core-columns-is-layout-9d6595d7 wp-block-columns-is-layout-flex\">\n<div class=\"wp-block-column is-layout-flow wp-block-column-is-layout-flow\"><div class=\"wp-block-image icon-style is-style-default\">\n<figure class=\"aligncenter is-resized\"><img decoding=\"async\" src=\"https:\/\/jemielnicadom.pl\/wp-content\/themes\/neve\/assets\/img\/starter-content\/icon-03.svg\" alt=\"\" style=\"width:48px;height:48px\"\/><\/figure>\n<\/div>\n\n\n<div style=\"height:20px\" aria-hidden=\"true\" class=\"wp-block-spacer\"><\/div>\n\n\n\n<h3 class=\"wp-block-heading has-text-align-center has-neve-text-color-color has-text-color\">Po\u0142o\u017cony we wspania\u0142ym miejscu<\/h3>\n\n\n\n<p class=\"has-text-align-center\">Dom po\u0142o\u017cony jest w malowniczej okolicy w gminie Jemielnica w powiecie strzeleckim, wojew\u00f3dztwie opolskim<\/p>\n\n\n\n<div style=\"height:20px\" aria-hidden=\"true\" class=\"wp-block-spacer\"><\/div>\n<\/div>\n\n\n\n<div class=\"wp-block-column is-layout-flow wp-block-column-is-layout-flow\"><div class=\"wp-block-image icon-style is-style-default\">\n<figure class=\"aligncenter is-resized\"><img decoding=\"async\" src=\"https:\/\/jemielnicadom.pl\/wp-content\/themes\/neve\/assets\/img\/starter-content\/icon-03.svg\" alt=\"\" style=\"width:48px;height:48px\"\/><\/figure>\n<\/div>\n\n\n<div style=\"height:20px\" aria-hidden=\"true\" class=\"wp-block-spacer\"><\/div>\n\n\n\n<h3 class=\"wp-block-heading has-text-align-center has-neve-text-color-color has-text-color\">Du\u017cy dom<\/h3>\n\n\n\n<p class=\"has-text-align-center\">Powierzchnia domu to 170m<sup>2<\/sup> , <\/p>\n\n\n\n<p class=\"has-text-align-center\">powierzchnia dzia\u0142ki to 898m<sup>2<\/sup><\/p>\n\n\n\n<div style=\"height:20px\" aria-hidden=\"true\" class=\"wp-block-spacer\"><\/div>\n<\/div>\n\n\n\n<div class=\"wp-block-column is-layout-flow wp-block-column-is-layout-flow\"><div class=\"wp-block-image icon-style is-style-default\">\n<figure class=\"aligncenter is-resized\"><img decoding=\"async\" src=\"https:\/\/jemielnicadom.pl\/wp-content\/themes\/neve\/assets\/img\/starter-content\/icon-03.svg\" alt=\"\" style=\"width:48px;height:48px\"\/><\/figure>\n<\/div>\n\n\n<div style=\"height:20px\" aria-hidden=\"true\" class=\"wp-block-spacer\"><\/div>\n\n\n\n<h3 class=\"wp-block-heading has-text-align-center has-neve-text-color-color has-text-color\">Nowoczesny dom za 940 tys z\u0142<\/h3>\n\n\n\n<div style=\"height:20px\" aria-hidden=\"true\" class=\"wp-block-spacer\"><\/div>\n<\/div>\n<\/div>\n\n\n<p class='wp-call-button-block-button wp-call-button-block-button-no-phone wp-call-button-block-button-center'><a class='wp-call-button-in-btn' href='tel:+48533535636' style='background-color:#99b9b9' >Zadzwo\u0144<\/a><\/p>\n\n\n<div style=\"height:36px\" aria-hidden=\"true\" class=\"wp-block-spacer\"><\/div>\n\n\n\n<div class=\"wp-block-cover alignfull\" style=\"min-height:630px;aspect-ratio:unset;\"><span aria-hidden=\"true\" class=\"wp-block-cover__background has-nv-light-bg-background-color has-background-dim-100 has-background-dim\"><\/span><div class=\"wp-block-cover__inner-container is-layout-flow wp-block-cover-is-layout-flow\">\n<div class=\"wp-block-group\"><div class=\"wp-block-group__inner-container is-layout-flow wp-block-group-is-layout-flow\">\n<div class=\"wp-block-columns are-vertically-aligned-center is-layout-flex wp-container-core-columns-is-layout-9d6595d7 wp-block-columns-is-layout-flex\">\n<div class=\"wp-block-column is-vertically-aligned-center is-layout-flow wp-block-column-is-layout-flow\" style=\"flex-basis:50%\">\n<figure class=\"wp-block-image size-full\"><img loading=\"lazy\" decoding=\"async\" width=\"940\" height=\"788\" src=\"http:\/\/jemielnicadom.pl\/wp-content\/uploads\/2023\/09\/Yellow-White-New-Listing-Modern-Home-Real-Estate-Facebook-Post1.png\" alt=\"\" class=\"wp-image-68\" srcset=\"https:\/\/jemielnicadom.pl\/wp-content\/uploads\/2023\/09\/Yellow-White-New-Listing-Modern-Home-Real-Estate-Facebook-Post1.png 940w, https:\/\/jemielnicadom.pl\/wp-content\/uploads\/2023\/09\/Yellow-White-New-Listing-Modern-Home-Real-Estate-Facebook-Post1-300x251.png 300w, https:\/\/jemielnicadom.pl\/wp-content\/uploads\/2023\/09\/Yellow-White-New-Listing-Modern-Home-Real-Estate-Facebook-Post1-768x644.png 768w\" sizes=\"auto, (max-width: 940px) 100vw, 940px\" \/><\/figure>\n<\/div>\n\n\n\n<div class=\"wp-block-column is-vertically-aligned-center is-layout-flow wp-block-column-is-layout-flow\" style=\"flex-basis:50%\">\n<div style=\"height:20px\" aria-hidden=\"true\" class=\"wp-block-spacer\"><\/div>\n\n\n\n<h2 class=\"wp-block-heading has-text-align-center has-neve-text-color-color has-text-color\">Nowoczesna kuchnia<\/h2>\n\n\n\n<p class=\"has-text-align-center has-neve-text-color-color has-text-color\" style=\"font-size:17px\">Meble kuchenne s\u0105 drewniane, wykonane na wymiar. Dom sprzedawany jest wraz z meblami i sprz\u0119tami kuchennymi tj. mikrofal\u00f3wka, piekarnik, okap, du\u017ca lod\u00f3wka (szeroko\u015b\u0107 70cm), zmywarka, 5 palnikowa p\u0142yta grzewcza, przystosowana do woka. Szafki pomieszcz\u0105 wszystkie potrzebne naczynia, garnki, jak i produkty spo\u017cywcze. Atutem s\u0105 du\u017ce, szerokie blaty, pi\u0119kny widok z okna i przemy\u015blany uk\u0142ad szuflad i szafek. Blaty dopasowane s\u0105 kolorystycznie do pod\u0142\u00f3g, co tworzy bardzo \u0142adne po\u0142\u0105czenie. Przed\u0142u\u017ceniem kuchni jest bar wyposa\u017cony w hokery. Mo\u017cna poczu\u0107 si\u0119 jak w ulubionej kawiarni. \u015aciana z odzyskanej ceg\u0142y, blaty i wspania\u0142a kawa z ekspresu jest dope\u0142nieniem przytulnego uroku domu. Zapraszam na kaw\u0119, porozmawiajmy o Twoim nowym domu!<\/p>\n<\/div>\n<\/div>\n<\/div><\/div>\n<\/div><\/div>\n\n\n\n<div class=\"wp-block-cover alignfull\" style=\"min-height:600px;aspect-ratio:unset;\"><span aria-hidden=\"true\" class=\"wp-block-cover__background has-nv-site-bg-background-color has-background-dim-100 has-background-dim\"><\/span><div class=\"wp-block-cover__inner-container is-layout-flow wp-block-cover-is-layout-flow\">\n<div class=\"wp-block-group\"><div class=\"wp-block-group__inner-container is-layout-flow wp-block-group-is-layout-flow\">\n<div style=\"height:80px\" aria-hidden=\"true\" class=\"wp-block-spacer\"><\/div>\n\n\n\n<div class=\"wp-block-columns are-vertically-aligned-center is-layout-flex wp-container-core-columns-is-layout-9d6595d7 wp-block-columns-is-layout-flex\">\n<div class=\"wp-block-column is-vertically-aligned-center is-layout-flow wp-block-column-is-layout-flow\" style=\"flex-basis:50%\">\n<h2 class=\"wp-block-heading has-text-align-center has-neve-text-color-color has-text-color\">Idealny dom dla rodziny<\/h2>\n\n\n\n<p class=\"has-text-align-center has-neve-text-color-color has-text-color\" style=\"font-size:17px\">Dom posiada 5 przestronnych pokoi, kt\u00f3re s\u0105 bardzo ustawne. Wszystkie pokoje s\u0105 wyposa\u017cone w ogrzewanie pod\u0142ogowe na ca\u0142ej powierzchni. W ca\u0142ym domu po\u0142o\u017cone s\u0105 takie same pod\u0142ogi i drzwi, co tworzy wyj\u0105tkow\u0105 ca\u0142o\u015b\u0107. Charakter domu \u0142\u0105czy si\u0119 sp\u00f3jnie w stonowanym kolorze \u015bcian. \u015aciany pomalowane bardzo dobrej jako\u015bci farb\u0105 Becekrs, kt\u00f3ra jest \u015bcieralna i antyalergiczna. W oknach wype\u0142nionych argonem, w ka\u017cdym pomieszczeniu zamontowano moskitiery, kt\u00f3re by\u0142y wykonane na wymiar. <\/p>\n\n\n\n<div style=\"height:40px\" aria-hidden=\"true\" class=\"wp-block-spacer\"><\/div>\n<\/div>\n\n\n\n<div class=\"wp-block-column is-vertically-aligned-center is-layout-flow wp-block-column-is-layout-flow\" style=\"flex-basis:50%\">\n<figure class=\"wp-block-image size-full\"><img loading=\"lazy\" decoding=\"async\" width=\"940\" height=\"788\" src=\"http:\/\/jemielnicadom.pl\/wp-content\/uploads\/2023\/09\/6.png\" alt=\"\" class=\"wp-image-46\" srcset=\"https:\/\/jemielnicadom.pl\/wp-content\/uploads\/2023\/09\/6.png 940w, https:\/\/jemielnicadom.pl\/wp-content\/uploads\/2023\/09\/6-300x251.png 300w, https:\/\/jemielnicadom.pl\/wp-content\/uploads\/2023\/09\/6-768x644.png 768w\" sizes=\"auto, (max-width: 940px) 100vw, 940px\" \/><\/figure>\n<\/div>\n<\/div>\n\n\n\n<div style=\"height:40px\" aria-hidden=\"true\" class=\"wp-block-spacer\"><\/div>\n<\/div><\/div>\n<\/div><\/div>\n\n\n\n<div class=\"wp-block-cover alignfull\" style=\"min-height:600px;aspect-ratio:unset;\"><span aria-hidden=\"true\" class=\"wp-block-cover__background has-nv-dark-bg-background-color has-background-dim-100 has-background-dim\"><\/span><div class=\"wp-block-cover__inner-container is-layout-flow wp-block-cover-is-layout-flow\">\n<div class=\"wp-block-group\"><div class=\"wp-block-group__inner-container is-layout-flow wp-block-group-is-layout-flow\">\n<div style=\"height:80px\" aria-hidden=\"true\" class=\"wp-block-spacer\"><\/div>\n\n\n\n<div class=\"wp-block-columns are-vertically-aligned-center is-layout-flex wp-container-core-columns-is-layout-9d6595d7 wp-block-columns-is-layout-flex\">\n<div class=\"wp-block-column is-vertically-aligned-center is-layout-flow wp-block-column-is-layout-flow\" style=\"flex-basis:50%\">\n<figure class=\"wp-block-image size-full\"><img loading=\"lazy\" decoding=\"async\" width=\"940\" height=\"788\" src=\"http:\/\/jemielnicadom.pl\/wp-content\/uploads\/2023\/09\/17.png\" alt=\"\" class=\"wp-image-57\" srcset=\"https:\/\/jemielnicadom.pl\/wp-content\/uploads\/2023\/09\/17.png 940w, https:\/\/jemielnicadom.pl\/wp-content\/uploads\/2023\/09\/17-300x251.png 300w, https:\/\/jemielnicadom.pl\/wp-content\/uploads\/2023\/09\/17-768x644.png 768w\" sizes=\"auto, (max-width: 940px) 100vw, 940px\" \/><\/figure>\n<\/div>\n\n\n\n<div class=\"wp-block-column is-vertically-aligned-center is-layout-flow wp-block-column-is-layout-flow\" style=\"flex-basis:50%\">\n<div style=\"height:40px\" aria-hidden=\"true\" class=\"wp-block-spacer\"><\/div>\n\n\n\n<h2 class=\"wp-block-heading has-text-align-center has-nv-text-dark-bg-color has-text-color\">Dom zaprojektowany do pracy zdalnej<\/h2>\n\n\n\n<p class=\"has-text-align-center has-nv-text-dark-bg-color has-text-color\" style=\"font-size:17px\">W domu zainstalowano internet \u015bwiat\u0142owodowy. Jeden z pokoi mo\u017cna wyodr\u0119bni\u0107 na biuro z osobnym wej\u015bciem z zewn\u0105trz budynku. Pok\u00f3j ten zawiera instalacj\u0119 na g\u0142o\u015bniki w suficie i ca\u0142\u0105 instalacj\u0119 do kina domowego. Przygotowano  instalacj\u0119 pod r\u00f3\u017cne sprz\u0119ty, w tym pod rzutnik (gniazdko pod sufitem). Pok\u00f3j ten ma zainstalowan\u0105 rolet\u0119 antyw\u0142amaniow\u0105, a na przyleg\u0142ym do tego pokoju tarasie, zainstalowane jest o\u015bwietlenie zmierzchowe, reaguj\u0105ce na ruch w ogrodzie.  <\/p>\n\n\n\n<div class=\"wp-block-buttons is-content-justification-center is-layout-flex wp-container-core-buttons-is-layout-16018d1d wp-block-buttons-is-layout-flex\"><\/div>\n<\/div>\n<\/div>\n\n\n\n<div style=\"height:40px\" aria-hidden=\"true\" class=\"wp-block-spacer\"><\/div>\n<\/div><\/div>\n<\/div><\/div>\n\n\n\n<div class=\"wp-block-cover alignfull\" style=\"min-height:600px;aspect-ratio:unset;\"><span aria-hidden=\"true\" class=\"wp-block-cover__background has-nv-site-bg-background-color has-background-dim-100 has-background-dim\"><\/span><div class=\"wp-block-cover__inner-container is-layout-flow wp-block-cover-is-layout-flow\">\n<div class=\"wp-block-group\"><div class=\"wp-block-group__inner-container is-layout-flow wp-block-group-is-layout-flow\">\n<div style=\"height:80px\" aria-hidden=\"true\" class=\"wp-block-spacer\"><\/div>\n\n\n\n<div class=\"wp-block-columns are-vertically-aligned-center is-layout-flex wp-container-core-columns-is-layout-9d6595d7 wp-block-columns-is-layout-flex\">\n<div class=\"wp-block-column is-vertically-aligned-center is-layout-flow wp-block-column-is-layout-flow\" style=\"flex-basis:50%\">\n<h2 class=\"wp-block-heading has-text-align-center has-neve-text-color-color has-text-color\">Nowoczesne \u0142azienki<\/h2>\n\n\n\n<p class=\"has-text-align-center has-neve-text-color-color has-text-color\" style=\"font-size:17px\">Dwie \u0142azienki o wyj\u0105tkowym wykorzystaniu przestrzeni. <\/p>\n\n\n\n<p class=\"has-text-align-center has-neve-text-color-color has-text-color\" style=\"font-size:17px\">\u0141azienka na pi\u0119trze posiada wann\u0119, prysznic dla dw\u00f3ch os\u00f3b z niezale\u017cnymi deszczownicami i prysznicami dla ka\u017cdego z osobna, du\u017co szafek i szuflad, toalet\u0119, kaloryfer i ogrzewanie pod\u0142ogowe. W suficie zamontowano ledowe o\u015bwietlenie przedstawiaj\u0105ce gwiazdozbi\u00f3r. Nie zabrak\u0142o ksi\u0119\u017cyca, kt\u00f3ry przechodzi swoje fazy. K\u0105pi\u0105c si\u0119 w wannie mo\u017cna ogl\u0105da\u0107 film na ekranie zamontowanym w \u015bcianie. G\u0142o\u015bniki zamontowane w suficie daj\u0105 niesamowite wra\u017canie. Zdecydowanie pomy\u015blano o relaksie. \u0141azienka na parterze zosta\u0142a wyposa\u017cona w du\u017cy, wygodny prysznic z deszczownic\u0105. <\/p>\n\n\n\n<div style=\"height:40px\" aria-hidden=\"true\" class=\"wp-block-spacer\"><\/div>\n<\/div>\n\n\n\n<div class=\"wp-block-column is-vertically-aligned-center is-layout-flow wp-block-column-is-layout-flow\" style=\"flex-basis:50%\">\n<figure class=\"wp-block-image size-full\"><img loading=\"lazy\" decoding=\"async\" width=\"940\" height=\"788\" src=\"http:\/\/jemielnicadom.pl\/wp-content\/uploads\/2023\/09\/4.png\" alt=\"\" class=\"wp-image-44\" srcset=\"https:\/\/jemielnicadom.pl\/wp-content\/uploads\/2023\/09\/4.png 940w, https:\/\/jemielnicadom.pl\/wp-content\/uploads\/2023\/09\/4-300x251.png 300w, https:\/\/jemielnicadom.pl\/wp-content\/uploads\/2023\/09\/4-768x644.png 768w\" sizes=\"auto, (max-width: 940px) 100vw, 940px\" \/><\/figure>\n<\/div>\n<\/div>\n\n\n\n<div style=\"height:40px\" aria-hidden=\"true\" class=\"wp-block-spacer\"><\/div>\n<\/div><\/div>\n<\/div><\/div>\n\n\n\n<div class=\"wp-block-cover alignfull has-nv-dark-bg-color has-text-color\" style=\"min-height:600px;aspect-ratio:unset;\"><span aria-hidden=\"true\" class=\"wp-block-cover__background has-nv-site-bg-background-color has-background-dim-100 has-background-dim\"><\/span><div class=\"wp-block-cover__inner-container is-layout-flow wp-block-cover-is-layout-flow\">\n<div class=\"wp-block-group\"><div class=\"wp-block-group__inner-container is-layout-flow wp-block-group-is-layout-flow\">\n<h2 class=\"wp-block-heading has-text-align-center has-neve-text-color-color has-text-color\">Galeria<\/h2>\n\n\n\n<div style=\"height:20px\" aria-hidden=\"true\" class=\"wp-block-spacer\"><\/div>\n\n\n\n<div class=\"wp-block-columns are-vertically-aligned-center is-layout-flex wp-container-core-columns-is-layout-9d6595d7 wp-block-columns-is-layout-flex\">\n<div class=\"wp-block-column is-vertically-aligned-center is-layout-flow wp-block-column-is-layout-flow\" style=\"flex-basis:50%\">\n<figure class=\"wp-block-image size-full\"><img loading=\"lazy\" decoding=\"async\" width=\"940\" height=\"788\" src=\"http:\/\/jemielnicadom.pl\/wp-content\/uploads\/2023\/09\/19.png\" alt=\"\" class=\"wp-image-59\" srcset=\"https:\/\/jemielnicadom.pl\/wp-content\/uploads\/2023\/09\/19.png 940w, https:\/\/jemielnicadom.pl\/wp-content\/uploads\/2023\/09\/19-300x251.png 300w, https:\/\/jemielnicadom.pl\/wp-content\/uploads\/2023\/09\/19-768x644.png 768w\" sizes=\"auto, (max-width: 940px) 100vw, 940px\" \/><\/figure>\n\n\n\n<figure class=\"wp-block-image size-full\"><img loading=\"lazy\" decoding=\"async\" width=\"940\" height=\"788\" src=\"http:\/\/jemielnicadom.pl\/wp-content\/uploads\/2023\/09\/8.png\" alt=\"\" class=\"wp-image-48\" srcset=\"https:\/\/jemielnicadom.pl\/wp-content\/uploads\/2023\/09\/8.png 940w, https:\/\/jemielnicadom.pl\/wp-content\/uploads\/2023\/09\/8-300x251.png 300w, https:\/\/jemielnicadom.pl\/wp-content\/uploads\/2023\/09\/8-768x644.png 768w\" sizes=\"auto, (max-width: 940px) 100vw, 940px\" \/><\/figure>\n\n\n\n<figure class=\"wp-block-image size-full\"><img loading=\"lazy\" decoding=\"async\" width=\"940\" height=\"788\" src=\"http:\/\/jemielnicadom.pl\/wp-content\/uploads\/2023\/09\/11.png\" alt=\"\" class=\"wp-image-51\" srcset=\"https:\/\/jemielnicadom.pl\/wp-content\/uploads\/2023\/09\/11.png 940w, https:\/\/jemielnicadom.pl\/wp-content\/uploads\/2023\/09\/11-300x251.png 300w, https:\/\/jemielnicadom.pl\/wp-content\/uploads\/2023\/09\/11-768x644.png 768w\" sizes=\"auto, (max-width: 940px) 100vw, 940px\" \/><\/figure>\n\n\n\n<div style=\"height:40px\" aria-hidden=\"true\" class=\"wp-block-spacer\"><\/div>\n<\/div>\n\n\n\n<div class=\"wp-block-column is-vertically-aligned-center is-layout-flow wp-block-column-is-layout-flow\" style=\"flex-basis:50%\">\n<figure class=\"wp-block-image size-full\"><img loading=\"lazy\" decoding=\"async\" width=\"940\" height=\"788\" src=\"http:\/\/jemielnicadom.pl\/wp-content\/uploads\/2023\/09\/14.png\" alt=\"\" class=\"wp-image-54\" srcset=\"https:\/\/jemielnicadom.pl\/wp-content\/uploads\/2023\/09\/14.png 940w, https:\/\/jemielnicadom.pl\/wp-content\/uploads\/2023\/09\/14-300x251.png 300w, https:\/\/jemielnicadom.pl\/wp-content\/uploads\/2023\/09\/14-768x644.png 768w\" sizes=\"auto, (max-width: 940px) 100vw, 940px\" \/><\/figure>\n\n\n\n<figure class=\"wp-block-image size-full\"><img loading=\"lazy\" decoding=\"async\" width=\"940\" height=\"788\" src=\"http:\/\/jemielnicadom.pl\/wp-content\/uploads\/2023\/09\/15.png\" alt=\"\" class=\"wp-image-55\" srcset=\"https:\/\/jemielnicadom.pl\/wp-content\/uploads\/2023\/09\/15.png 940w, https:\/\/jemielnicadom.pl\/wp-content\/uploads\/2023\/09\/15-300x251.png 300w, https:\/\/jemielnicadom.pl\/wp-content\/uploads\/2023\/09\/15-768x644.png 768w\" sizes=\"auto, (max-width: 940px) 100vw, 940px\" \/><\/figure>\n\n\n\n<figure class=\"wp-block-image size-full\"><img loading=\"lazy\" decoding=\"async\" width=\"940\" height=\"788\" src=\"http:\/\/jemielnicadom.pl\/wp-content\/uploads\/2023\/09\/7.png\" alt=\"\" class=\"wp-image-47\" srcset=\"https:\/\/jemielnicadom.pl\/wp-content\/uploads\/2023\/09\/7.png 940w, https:\/\/jemielnicadom.pl\/wp-content\/uploads\/2023\/09\/7-300x251.png 300w, https:\/\/jemielnicadom.pl\/wp-content\/uploads\/2023\/09\/7-768x644.png 768w\" sizes=\"auto, (max-width: 940px) 100vw, 940px\" \/><\/figure>\n\n\n\n<div style=\"height:40px\" aria-hidden=\"true\" class=\"wp-block-spacer\"><\/div>\n<\/div>\n<\/div>\n\n\n\n<div style=\"height:40px\" aria-hidden=\"true\" class=\"wp-block-spacer\"><\/div>\n<\/div><\/div>\n\n\n\n<p>     Nota Prawna<\/p>\n\n\n\n<ul class=\"wp-block-list\">\n<li>Opis domu wraz z informacjami o nieruchomo\u015bci, prezentowane na stronie www.jemielnicadom.pl nie&nbsp;s\u0105&nbsp;ofert\u0105 w&nbsp;rozumieniu prawa (art. 66 i&nbsp;nast\u0119pne KC.) &#8211; maj\u0105 one wy\u0142\u0105cznie charakter informacyjny.<\/li>\n\n\n\n<li>\u015awiadectwo Charakterystyki Energetycznej &#8211; w trakcie<\/li>\n\n\n\n<li>Wszystkie zdj\u0119cia prezentowane na stronie www.jemielnicadom.pl przedstawiaj\u0105 oferowan\u0105 nieruchomo\u015b\u0107. <\/li>\n<\/ul>\n\n\n\n<p>Zapraszam do kontaktu! Karolina Kaczmarkiewicz <\/p>\n\n\n\n<p>Tel.+48 667 849 639, e-mail: <a href=\"mailto:karolina@szafarczyknieruchomosci.pl\" target=\"_blank\" rel=\"noreferrer noopener\">karolina@szafarczyknieruchomosci.pl<\/a><\/p>\n<\/div><\/div>\n","protected":false},"excerpt":{"rendered":"<p>Po\u0142o\u017cony we wspania\u0142ym miejscu Dom po\u0142o\u017cony jest w malowniczej okolicy w gminie Jemielnica w powiecie strzeleckim, wojew\u00f3dztwie opolskim Du\u017cy dom Powierzchnia domu to 170m2 , powierzchnia dzia\u0142ki to 898m2 Nowoczesny dom za 940 tys z\u0142<\/p>\n","protected":false},"author":1,"featured_media":0,"parent":0,"menu_order":0,"comment_status":"closed","ping_status":"closed","template":"","meta":{"neve_meta_sidebar":"","neve_meta_container":"","neve_meta_enable_content_width":"on","neve_meta_content_width":100,"neve_meta_title_alignment":"","neve_meta_author_avatar":"","neve_post_elements_order":"","neve_meta_disable_header":"","neve_meta_disable_footer":"","neve_meta_disable_title":"on","footnotes":""},"class_list":["post-7","page","type-page","status-publish","hentry"],"_links":{"self":[{"href":"https:\/\/jemielnicadom.pl\/index.php?rest_route=\/wp\/v2\/pages\/7","targetHints":{"allow":["GET"]}}],"collection":[{"href":"https:\/\/jemielnicadom.pl\/index.php?rest_route=\/wp\/v2\/pages"}],"about":[{"href":"https:\/\/jemielnicadom.pl\/index.php?rest_route=\/wp\/v2\/types\/page"}],"author":[{"embeddable":true,"href":"https:\/\/jemielnicadom.pl\/index.php?rest_route=\/wp\/v2\/users\/1"}],"replies":[{"embeddable":true,"href":"https:\/\/jemielnicadom.pl\/index.php?rest_route=%2Fwp%2Fv2%2Fcomments&post=7"}],"version-history":[{"count":53,"href":"https:\/\/jemielnicadom.pl\/index.php?rest_route=\/wp\/v2\/pages\/7\/revisions"}],"predecessor-version":[{"id":251,"href":"https:\/\/jemielnicadom.pl\/index.php?rest_route=\/wp\/v2\/pages\/7\/revisions\/251"}],"wp:attachment":[{"href":"https:\/\/jemielnicadom.pl\/index.php?rest_route=%2Fwp%2Fv2%2Fmedia&parent=7"}],"curies":[{"name":"wp","href":"https:\/\/api.w.org\/{rel}","templated":true}]}}